{"id":2159,"date":"2015-01-30T17:25:15","date_gmt":"2015-01-30T17:25:15","guid":{"rendered":"http:\/\/zlaty-jelen.sk\/sub\/prototype\/?page_id=2159"},"modified":"2015-04-20T18:22:00","modified_gmt":"2015-04-20T16:22:00","slug":"kassa-ceges-rendezvenyek-kepek","status":"publish","type":"page","link":"https:\/\/zlaty-jelen.sk\/hu\/kassa-ceges-rendezvenyek-kepek\/","title":{"rendered":"K\u00e9pek &#8211; Term\u00e9kbemutat\u00f3k"},"content":{"rendered":"<div  class=\"vc_row wpb_row vc_row-fluid\">\n\t<div class=\"vc_col-sm-12 wpb_column vc_column_container \">\n\t\t<div class=\"wpb_wrapper\">\n\t\t\t<div class=\"invicta_heading center big\"><div class=\"primary\">Term\u00e9kbemutat\u00f3k, Rendezv\u00e9nyek<\/div><div class=\"secondary\">Ig\u00e9nyes k\u00f6rnyezet, versenyk\u00e9pes \u00e1rak. K\u00e9rjen \u00e1raj\u00e1nlatot!<\/div><\/div>\n\t\t<\/div> \n\t<\/div> \n<\/div>\t<div  class=\"vc_row wpb_row vc_row-fluid\">\n\t<div class=\"vc_col-sm-4 wpb_column vc_column_container \">\n\t\t<div class=\"wpb_wrapper\">\n\t\t\t\n\t<div class=\"wpb_text_column wpb_content_element \">\n\t\t<div class=\"wpb_wrapper\">\n\t\t\t<h1 class=\"primary\" style=\"text-align: center;\"><strong>Eleg\u00e1ns\u00a0helysz\u00edn, kellemes k\u00f6rnyezetben<\/strong><\/h1>\n<p class=\"secondary\" style=\"text-align: center;\"><span style=\"color: #808080;\">t\u00f6k\u00e9letes helysz\u00edn \u00a0<span style=\"color: #000000;\"><strong>rendezv\u00e9nyek<\/strong><\/span>, <span style=\"color: #ff6600;\"><strong>term\u00e9kbemutat\u00f3k\u00a0<\/strong><\/span>illetve <span style=\"color: #000000;\"><strong>tr\u00e9ningek<\/strong> <\/span>megrendez\u00e9s\u00e9hez \u00e9s lebonyol\u00edt\u00e1s\u00e1hoz<\/span><\/p>\n\n\t\t<\/div> \n\t<\/div> \n\t\t<\/div> \n\t<\/div> \n\n\t<div class=\"vc_col-sm-8 wpb_column vc_column_container \">\n\t\t<div class=\"wpb_wrapper\">\n\t\t\t\n\t<div class=\"wpb_text_column wpb_content_element \">\n\t\t<div class=\"wpb_wrapper\">\n\t\t\t<div id='gallery-1' class='gallery galleryid-2159 gallery-columns-6 gallery-size-thumbnail'><dl class='gallery-item'>\n\t\t\t<dt class='gallery-icon landscape'>\n\t\t\t\t<a href='https:\/\/zlaty-jelen.sk\/wp-content\/uploads\/2015\/01\/kosice_ubytovanie_zlaty_jelen_1711.jpg'><img width=\"150\" height=\"150\" src=\"https:\/\/zlaty-jelen.sk\/wp-content\/uploads\/2015\/01\/kosice_ubytovanie_zlaty_jelen_1711-150x150.jpg\" class=\"attachment-thumbnail size-thumbnail\" alt=\"\" decoding=\"async\" loading=\"lazy\" \/><\/a>\n\t\t\t<\/dt><\/dl><dl class='gallery-item'>\n\t\t\t<dt class='gallery-icon landscape'>\n\t\t\t\t<a href='https:\/\/zlaty-jelen.sk\/wp-content\/uploads\/2015\/01\/kosice_ubytovanie_zlaty_jelen_1661.jpg'><img width=\"150\" height=\"150\" src=\"https:\/\/zlaty-jelen.sk\/wp-content\/uploads\/2015\/01\/kosice_ubytovanie_zlaty_jelen_1661-150x150.jpg\" class=\"attachment-thumbnail size-thumbnail\" alt=\"\" decoding=\"async\" loading=\"lazy\" \/><\/a>\n\t\t\t<\/dt><\/dl><dl class='gallery-item'>\n\t\t\t<dt class='gallery-icon landscape'>\n\t\t\t\t<a href='https:\/\/zlaty-jelen.sk\/wp-content\/uploads\/2015\/01\/kosice_ubytovanie_zlaty_jelen_panorama_01.jpg'><img width=\"150\" height=\"150\" src=\"https:\/\/zlaty-jelen.sk\/wp-content\/uploads\/2015\/01\/kosice_ubytovanie_zlaty_jelen_panorama_01-150x150.jpg\" class=\"attachment-thumbnail size-thumbnail\" alt=\"\" decoding=\"async\" loading=\"lazy\" \/><\/a>\n\t\t\t<\/dt><\/dl><dl class='gallery-item'>\n\t\t\t<dt class='gallery-icon landscape'>\n\t\t\t\t<a href='https:\/\/zlaty-jelen.sk\/wp-content\/uploads\/2014\/12\/kosice-akcia-zlaty-jelen-penzion-000.jpg'><img width=\"150\" height=\"150\" src=\"https:\/\/zlaty-jelen.sk\/wp-content\/uploads\/2014\/12\/kosice-akcia-zlaty-jelen-penzion-000-150x150.jpg\" class=\"attachment-thumbnail size-thumbnail\" alt=\"\" decoding=\"async\" loading=\"lazy\" \/><\/a>\n\t\t\t<\/dt><\/dl><dl class='gallery-item'>\n\t\t\t<dt class='gallery-icon landscape'>\n\t\t\t\t<a href='https:\/\/zlaty-jelen.sk\/wp-content\/uploads\/2014\/12\/kosice-akcia-zlaty-jelen-penzion-010.jpg'><img width=\"150\" height=\"150\" src=\"https:\/\/zlaty-jelen.sk\/wp-content\/uploads\/2014\/12\/kosice-akcia-zlaty-jelen-penzion-010-150x150.jpg\" class=\"attachment-thumbnail size-thumbnail\" alt=\"\" decoding=\"async\" loading=\"lazy\" \/><\/a>\n\t\t\t<\/dt><\/dl><dl class='gallery-item'>\n\t\t\t<dt class='gallery-icon landscape'>\n\t\t\t\t<a href='https:\/\/zlaty-jelen.sk\/wp-content\/uploads\/2014\/12\/kosice-akcia-zlaty-jelen-penzion-020.jpg'><img width=\"150\" height=\"150\" src=\"https:\/\/zlaty-jelen.sk\/wp-content\/uploads\/2014\/12\/kosice-akcia-zlaty-jelen-penzion-020-150x150.jpg\" class=\"attachment-thumbnail size-thumbnail\" alt=\"\" decoding=\"async\" loading=\"lazy\" \/><\/a>\n\t\t\t<\/dt><\/dl><br style=\"clear: both\" \/><dl class='gallery-item'>\n\t\t\t<dt class='gallery-icon landscape'>\n\t\t\t\t<a href='https:\/\/zlaty-jelen.sk\/wp-content\/uploads\/2014\/12\/kosice-akcia-zlaty-jelen-penzion-030.jpg'><img width=\"150\" height=\"150\" src=\"https:\/\/zlaty-jelen.sk\/wp-content\/uploads\/2014\/12\/kosice-akcia-zlaty-jelen-penzion-030-150x150.jpg\" class=\"attachment-thumbnail size-thumbnail\" alt=\"\" decoding=\"async\" loading=\"lazy\" \/><\/a>\n\t\t\t<\/dt><\/dl><dl class='gallery-item'>\n\t\t\t<dt class='gallery-icon landscape'>\n\t\t\t\t<a href='https:\/\/zlaty-jelen.sk\/wp-content\/uploads\/2014\/12\/kosice-akcia-zlaty-jelen-penzion-040.jpg'><img width=\"150\" height=\"150\" src=\"https:\/\/zlaty-jelen.sk\/wp-content\/uploads\/2014\/12\/kosice-akcia-zlaty-jelen-penzion-040-150x150.jpg\" class=\"attachment-thumbnail size-thumbnail\" alt=\"\" decoding=\"async\" loading=\"lazy\" \/><\/a>\n\t\t\t<\/dt><\/dl><dl class='gallery-item'>\n\t\t\t<dt class='gallery-icon landscape'>\n\t\t\t\t<a href='https:\/\/zlaty-jelen.sk\/wp-content\/uploads\/2014\/12\/kosice-akcia-zlaty-jelen-penzion-050.jpg'><img width=\"150\" height=\"150\" src=\"https:\/\/zlaty-jelen.sk\/wp-content\/uploads\/2014\/12\/kosice-akcia-zlaty-jelen-penzion-050-150x150.jpg\" class=\"attachment-thumbnail size-thumbnail\" alt=\"\" decoding=\"async\" loading=\"lazy\" \/><\/a>\n\t\t\t<\/dt><\/dl><dl class='gallery-item'>\n\t\t\t<dt class='gallery-icon landscape'>\n\t\t\t\t<a href='https:\/\/zlaty-jelen.sk\/wp-content\/uploads\/2014\/12\/kosice-akcia-zlaty-jelen-penzion-060.jpg'><img width=\"150\" height=\"150\" src=\"https:\/\/zlaty-jelen.sk\/wp-content\/uploads\/2014\/12\/kosice-akcia-zlaty-jelen-penzion-060-150x150.jpg\" class=\"attachment-thumbnail size-thumbnail\" alt=\"\" decoding=\"async\" loading=\"lazy\" \/><\/a>\n\t\t\t<\/dt><\/dl><dl class='gallery-item'>\n\t\t\t<dt class='gallery-icon landscape'>\n\t\t\t\t<a href='https:\/\/zlaty-jelen.sk\/wp-content\/uploads\/2014\/12\/kosice-akcia-zlaty-jelen-penzion-070.jpg'><img width=\"150\" height=\"150\" src=\"https:\/\/zlaty-jelen.sk\/wp-content\/uploads\/2014\/12\/kosice-akcia-zlaty-jelen-penzion-070-150x150.jpg\" class=\"attachment-thumbnail size-thumbnail\" alt=\"\" decoding=\"async\" loading=\"lazy\" \/><\/a>\n\t\t\t<\/dt><\/dl><dl class='gallery-item'>\n\t\t\t<dt class='gallery-icon landscape'>\n\t\t\t\t<a href='https:\/\/zlaty-jelen.sk\/wp-content\/uploads\/2014\/12\/kosice-akcia-zlaty-jelen-penzion-080.jpg'><img width=\"150\" height=\"150\" src=\"https:\/\/zlaty-jelen.sk\/wp-content\/uploads\/2014\/12\/kosice-akcia-zlaty-jelen-penzion-080-150x150.jpg\" class=\"attachment-thumbnail size-thumbnail\" alt=\"\" decoding=\"async\" loading=\"lazy\" \/><\/a>\n\t\t\t<\/dt><\/dl><br style=\"clear: both\" \/>\n\t\t<\/div>\n\n\n\t\t<\/div> \n\t<\/div> \n\t\t<\/div> \n\t<\/div> \n<\/div>\n","protected":false},"excerpt":{"rendered":"Term\u00e9kbemutat\u00f3k, Rendezv\u00e9nyekIg\u00e9nyes k\u00f6rnyezet, versenyk\u00e9pes \u00e1rak. K\u00e9rjen \u00e1raj\u00e1nlatot! Eleg\u00e1ns\u00a0helysz\u00edn, kellemes k\u00f6rnyezetben t\u00f6k\u00e9letes helysz\u00edn \u00a0rendezv\u00e9nyek, term\u00e9kbemutat\u00f3k\u00a0illetve tr\u00e9ningek megrendez\u00e9s\u00e9hez \u00e9s lebonyol\u00edt\u00e1s\u00e1hoz","protected":false},"author":1,"featured_media":0,"parent":0,"menu_order":0,"comment_status":"closed","ping_status":"closed","template":"","meta":[],"_links":{"self":[{"href":"https:\/\/zlaty-jelen.sk\/hu\/wp-json\/wp\/v2\/pages\/2159"}],"collection":[{"href":"https:\/\/zlaty-jelen.sk\/hu\/wp-json\/wp\/v2\/pages"}],"about":[{"href":"https:\/\/zlaty-jelen.sk\/hu\/wp-json\/wp\/v2\/types\/page"}],"author":[{"embeddable":true,"href":"https:\/\/zlaty-jelen.sk\/hu\/wp-json\/wp\/v2\/users\/1"}],"replies":[{"embeddable":true,"href":"https:\/\/zlaty-jelen.sk\/hu\/wp-json\/wp\/v2\/comments?post=2159"}],"version-history":[{"count":3,"href":"https:\/\/zlaty-jelen.sk\/hu\/wp-json\/wp\/v2\/pages\/2159\/revisions"}],"predecessor-version":[{"id":2453,"href":"https:\/\/zlaty-jelen.sk\/hu\/wp-json\/wp\/v2\/pages\/2159\/revisions\/2453"}],"wp:attachment":[{"href":"https:\/\/zlaty-jelen.sk\/hu\/wp-json\/wp\/v2\/media?parent=2159"}],"curies":[{"name":"wp","href":"https:\/\/api.w.org\/{rel}","templated":true}]}}