{"id":2082,"date":"2015-01-29T20:11:22","date_gmt":"2015-01-29T20:11:22","guid":{"rendered":"http:\/\/zlaty-jelen.sk\/sub\/prototype\/?page_id=2082"},"modified":"2015-04-20T18:21:34","modified_gmt":"2015-04-20T16:21:34","slug":"kassa-szallas-kepek","status":"publish","type":"page","link":"https:\/\/zlaty-jelen.sk\/hu\/kassa-szallas-kepek\/","title":{"rendered":"K\u00e9pek &#8211; Szob\u00e1k"},"content":{"rendered":"<div  class=\"vc_row wpb_row vc_row-fluid\">\n\t<div class=\"vc_col-sm-12 wpb_column vc_column_container \">\n\t\t<div class=\"wpb_wrapper\">\n\t\t\t<div class=\"invicta_heading center big\"><div class=\"primary\">K\u00e9pek a szob\u00e1inkr\u00f3l<\/div><div class=\"secondary\">Ig\u00e9nyes belt\u00e9r, k\u00e9nyelmes \u00e1gyak, friss leveg\u0151<\/div><\/div>\n\t\t<\/div> \n\t<\/div> \n<\/div>\t<div  class=\"vc_row wpb_row vc_row-fluid\">\n\t<div class=\"vc_col-sm-4 wpb_column vc_column_container \">\n\t\t<div class=\"wpb_wrapper\">\n\t\t\t\n\t<div class=\"wpb_text_column wpb_content_element \">\n\t\t<div class=\"wpb_wrapper\">\n\t\t\t<h1 class=\"primary\" style=\"text-align: center;\">K\u00e9nyelmes szob\u00e1k<\/h1>\n<p class=\"secondary\" style=\"text-align: center;\"><span style=\"color: #808080;\">Minden szob\u00e1nk <span style=\"color: #ff6600;\"><strong>k\u00e9nyelmes \u00e1gyakkal<\/strong><\/span> \u00e9s saj\u00e1t, <strong>egyedi f\u00fcrd\u0151szob\u00e1val<\/strong> rendelkezik. Szoba inas, telev\u00edzi\u00f3, l\u00e9gkondicion\u00e1l\u00f3, sz\u00e9f teszik k\u00e9nyelmess\u00e9\u00a0pihen\u00e9s\u00e9t.<\/span><\/p>\n\n\t\t<\/div> \n\t<\/div> \n\t\t<\/div> \n\t<\/div> \n\n\t<div class=\"vc_col-sm-8 wpb_column vc_column_container \">\n\t\t<div class=\"wpb_wrapper\">\n\t\t\t\n\t<div class=\"wpb_text_column wpb_content_element \">\n\t\t<div class=\"wpb_wrapper\">\n\t\t\t<div id='gallery-1' class='gallery galleryid-2082 gallery-columns-6 gallery-size-thumbnail'><dl class='gallery-item'>\n\t\t\t<dt class='gallery-icon landscape'>\n\t\t\t\t<a href='https:\/\/zlaty-jelen.sk\/wp-content\/uploads\/2015\/01\/kosice-pension-zlaty-jelen-izba-11.jpg'><img width=\"150\" height=\"150\" src=\"https:\/\/zlaty-jelen.sk\/wp-content\/uploads\/2015\/01\/kosice-pension-zlaty-jelen-izba-11-150x150.jpg\" class=\"attachment-thumbnail size-thumbnail\" alt=\"\" decoding=\"async\" loading=\"lazy\" \/><\/a>\n\t\t\t<\/dt><\/dl><dl class='gallery-item'>\n\t\t\t<dt class='gallery-icon landscape'>\n\t\t\t\t<a href='https:\/\/zlaty-jelen.sk\/wp-content\/uploads\/2015\/01\/kosice-pension-zlaty-jelen-izba-13.jpg'><img width=\"150\" height=\"150\" src=\"https:\/\/zlaty-jelen.sk\/wp-content\/uploads\/2015\/01\/kosice-pension-zlaty-jelen-izba-13-150x150.jpg\" class=\"attachment-thumbnail size-thumbnail\" alt=\"\" decoding=\"async\" loading=\"lazy\" \/><\/a>\n\t\t\t<\/dt><\/dl><dl class='gallery-item'>\n\t\t\t<dt class='gallery-icon portrait'>\n\t\t\t\t<a href='https:\/\/zlaty-jelen.sk\/wp-content\/uploads\/2015\/01\/kosice-pension-zlaty-jelen-izba-12.jpg'><img width=\"150\" height=\"150\" src=\"https:\/\/zlaty-jelen.sk\/wp-content\/uploads\/2015\/01\/kosice-pension-zlaty-jelen-izba-12-150x150.jpg\" class=\"attachment-thumbnail size-thumbnail\" alt=\"\" decoding=\"async\" loading=\"lazy\" \/><\/a>\n\t\t\t<\/dt><\/dl><dl class='gallery-item'>\n\t\t\t<dt class='gallery-icon landscape'>\n\t\t\t\t<a href='https:\/\/zlaty-jelen.sk\/wp-content\/uploads\/2015\/01\/kosice-pension-zlaty-jelen-izba-21.jpg'><img width=\"150\" height=\"150\" src=\"https:\/\/zlaty-jelen.sk\/wp-content\/uploads\/2015\/01\/kosice-pension-zlaty-jelen-izba-21-150x150.jpg\" class=\"attachment-thumbnail size-thumbnail\" alt=\"\" decoding=\"async\" loading=\"lazy\" aria-describedby=\"gallery-1-2086\" \/><\/a>\n\t\t\t<\/dt>\n\t\t\t\t<dd class='wp-caption-text gallery-caption' id='gallery-1-2086'>\n\t\t\t\tStandard Szoba\n\t\t\t\t<\/dd><\/dl><dl class='gallery-item'>\n\t\t\t<dt class='gallery-icon portrait'>\n\t\t\t\t<a href='https:\/\/zlaty-jelen.sk\/wp-content\/uploads\/2015\/01\/kosice-pension-zlaty-jelen-izba-22.jpg'><img width=\"150\" height=\"150\" src=\"https:\/\/zlaty-jelen.sk\/wp-content\/uploads\/2015\/01\/kosice-pension-zlaty-jelen-izba-22-150x150.jpg\" class=\"attachment-thumbnail size-thumbnail\" alt=\"\" decoding=\"async\" loading=\"lazy\" \/><\/a>\n\t\t\t<\/dt><\/dl><dl class='gallery-item'>\n\t\t\t<dt class='gallery-icon landscape'>\n\t\t\t\t<a href='https:\/\/zlaty-jelen.sk\/wp-content\/uploads\/2015\/01\/kosice-pension-zlaty-jelen-izba-23.jpg'><img width=\"150\" height=\"150\" src=\"https:\/\/zlaty-jelen.sk\/wp-content\/uploads\/2015\/01\/kosice-pension-zlaty-jelen-izba-23-150x150.jpg\" class=\"attachment-thumbnail size-thumbnail\" alt=\"\" decoding=\"async\" loading=\"lazy\" \/><\/a>\n\t\t\t<\/dt><\/dl><br style=\"clear: both\" \/><dl class='gallery-item'>\n\t\t\t<dt class='gallery-icon portrait'>\n\t\t\t\t<a href='https:\/\/zlaty-jelen.sk\/wp-content\/uploads\/2015\/01\/kosice-pension-zlaty-jelen-izba-64.jpg'><img width=\"150\" height=\"150\" src=\"https:\/\/zlaty-jelen.sk\/wp-content\/uploads\/2015\/01\/kosice-pension-zlaty-jelen-izba-64-150x150.jpg\" class=\"attachment-thumbnail size-thumbnail\" alt=\"\" decoding=\"async\" loading=\"lazy\" \/><\/a>\n\t\t\t<\/dt><\/dl><dl class='gallery-item'>\n\t\t\t<dt class='gallery-icon landscape'>\n\t\t\t\t<a href='https:\/\/zlaty-jelen.sk\/wp-content\/uploads\/2015\/01\/kosice-pension-zlaty-jelen-izba-31.jpg'><img width=\"150\" height=\"150\" src=\"https:\/\/zlaty-jelen.sk\/wp-content\/uploads\/2015\/01\/kosice-pension-zlaty-jelen-izba-31-150x150.jpg\" class=\"attachment-thumbnail size-thumbnail\" alt=\"\" decoding=\"async\" loading=\"lazy\" \/><\/a>\n\t\t\t<\/dt><\/dl><dl class='gallery-item'>\n\t\t\t<dt class='gallery-icon landscape'>\n\t\t\t\t<a href='https:\/\/zlaty-jelen.sk\/wp-content\/uploads\/2015\/01\/kosice-pension-zlaty-jelen-izba-32.jpg'><img width=\"150\" height=\"150\" src=\"https:\/\/zlaty-jelen.sk\/wp-content\/uploads\/2015\/01\/kosice-pension-zlaty-jelen-izba-32-150x150.jpg\" class=\"attachment-thumbnail size-thumbnail\" alt=\"\" decoding=\"async\" loading=\"lazy\" \/><\/a>\n\t\t\t<\/dt><\/dl><dl class='gallery-item'>\n\t\t\t<dt class='gallery-icon portrait'>\n\t\t\t\t<a href='https:\/\/zlaty-jelen.sk\/wp-content\/uploads\/2015\/01\/kosice-pension-zlaty-jelen-izba-33.jpg'><img width=\"150\" height=\"150\" src=\"https:\/\/zlaty-jelen.sk\/wp-content\/uploads\/2015\/01\/kosice-pension-zlaty-jelen-izba-33-150x150.jpg\" class=\"attachment-thumbnail size-thumbnail\" alt=\"\" decoding=\"async\" loading=\"lazy\" aria-describedby=\"gallery-1-2106\" \/><\/a>\n\t\t\t<\/dt>\n\t\t\t\t<dd class='wp-caption-text gallery-caption' id='gallery-1-2106'>\n\t\t\t\tF\u00fcrd\u0151szoba\n\t\t\t\t<\/dd><\/dl><dl class='gallery-item'>\n\t\t\t<dt class='gallery-icon landscape'>\n\t\t\t\t<a href='https:\/\/zlaty-jelen.sk\/wp-content\/uploads\/2015\/01\/kosice-pension-zlaty-jelen-izba-41.jpg'><img width=\"150\" height=\"150\" src=\"https:\/\/zlaty-jelen.sk\/wp-content\/uploads\/2015\/01\/kosice-pension-zlaty-jelen-izba-41-150x150.jpg\" class=\"attachment-thumbnail size-thumbnail\" alt=\"\" decoding=\"async\" loading=\"lazy\" \/><\/a>\n\t\t\t<\/dt><\/dl><dl class='gallery-item'>\n\t\t\t<dt class='gallery-icon landscape'>\n\t\t\t\t<a href='https:\/\/zlaty-jelen.sk\/wp-content\/uploads\/2015\/01\/kosice-pension-zlaty-jelen-izba-43.jpg'><img width=\"150\" height=\"150\" src=\"https:\/\/zlaty-jelen.sk\/wp-content\/uploads\/2015\/01\/kosice-pension-zlaty-jelen-izba-43-150x150.jpg\" class=\"attachment-thumbnail size-thumbnail\" alt=\"\" decoding=\"async\" loading=\"lazy\" \/><\/a>\n\t\t\t<\/dt><\/dl><br style=\"clear: both\" \/>\n\t\t<\/div>\n\n\n\t\t<\/div> \n\t<\/div> \n\t\t<\/div> \n\t<\/div> \n<\/div>\t<div  class=\"vc_row wpb_row vc_row-fluid\">\n\t<div class=\"vc_col-sm-8 wpb_column vc_column_container \">\n\t\t<div class=\"wpb_wrapper\">\n\t\t\t\n\t<div class=\"wpb_text_column wpb_content_element \">\n\t\t<div class=\"wpb_wrapper\">\n\t\t\t<div id='gallery-2' class='gallery galleryid-2082 gallery-columns-6 gallery-size-thumbnail'><dl class='gallery-item'>\n\t\t\t<dt class='gallery-icon portrait'>\n\t\t\t\t<a href='https:\/\/zlaty-jelen.sk\/wp-content\/uploads\/2015\/01\/kosice_ubytovanie_zlaty_jelen_256.jpg'><img width=\"150\" height=\"150\" src=\"https:\/\/zlaty-jelen.sk\/wp-content\/uploads\/2015\/01\/kosice_ubytovanie_zlaty_jelen_256-150x150.jpg\" class=\"attachment-thumbnail size-thumbnail\" alt=\"\" decoding=\"async\" loading=\"lazy\" \/><\/a>\n\t\t\t<\/dt><\/dl><dl class='gallery-item'>\n\t\t\t<dt class='gallery-icon landscape'>\n\t\t\t\t<a href='https:\/\/zlaty-jelen.sk\/wp-content\/uploads\/2015\/01\/kosice-pension-zlaty-jelen-izba-41.jpg'><img width=\"150\" height=\"150\" src=\"https:\/\/zlaty-jelen.sk\/wp-content\/uploads\/2015\/01\/kosice-pension-zlaty-jelen-izba-41-150x150.jpg\" class=\"attachment-thumbnail size-thumbnail\" alt=\"\" decoding=\"async\" loading=\"lazy\" \/><\/a>\n\t\t\t<\/dt><\/dl><dl class='gallery-item'>\n\t\t\t<dt class='gallery-icon portrait'>\n\t\t\t\t<a href='https:\/\/zlaty-jelen.sk\/wp-content\/uploads\/2015\/01\/kosice-pension-zlaty-jelen-izba-42.jpg'><img width=\"150\" height=\"150\" src=\"https:\/\/zlaty-jelen.sk\/wp-content\/uploads\/2015\/01\/kosice-pension-zlaty-jelen-izba-42-150x150.jpg\" class=\"attachment-thumbnail size-thumbnail\" alt=\"\" decoding=\"async\" loading=\"lazy\" \/><\/a>\n\t\t\t<\/dt><\/dl><dl class='gallery-item'>\n\t\t\t<dt class='gallery-icon landscape'>\n\t\t\t\t<a href='https:\/\/zlaty-jelen.sk\/wp-content\/uploads\/2015\/01\/kosice-pension-zlaty-jelen-izba-51.jpg'><img width=\"150\" height=\"150\" src=\"https:\/\/zlaty-jelen.sk\/wp-content\/uploads\/2015\/01\/kosice-pension-zlaty-jelen-izba-51-150x150.jpg\" class=\"attachment-thumbnail size-thumbnail\" alt=\"\" decoding=\"async\" loading=\"lazy\" \/><\/a>\n\t\t\t<\/dt><\/dl><dl class='gallery-item'>\n\t\t\t<dt class='gallery-icon portrait'>\n\t\t\t\t<a href='https:\/\/zlaty-jelen.sk\/wp-content\/uploads\/2015\/01\/kosice-pension-zlaty-jelen-izba-52.jpg'><img width=\"150\" height=\"150\" src=\"https:\/\/zlaty-jelen.sk\/wp-content\/uploads\/2015\/01\/kosice-pension-zlaty-jelen-izba-52-150x150.jpg\" class=\"attachment-thumbnail size-thumbnail\" alt=\"\" decoding=\"async\" loading=\"lazy\" \/><\/a>\n\t\t\t<\/dt><\/dl><dl class='gallery-item'>\n\t\t\t<dt class='gallery-icon landscape'>\n\t\t\t\t<a href='https:\/\/zlaty-jelen.sk\/wp-content\/uploads\/2015\/01\/kosice-pension-zlaty-jelen-izba-53.jpg'><img width=\"150\" height=\"150\" src=\"https:\/\/zlaty-jelen.sk\/wp-content\/uploads\/2015\/01\/kosice-pension-zlaty-jelen-izba-53-150x150.jpg\" class=\"attachment-thumbnail size-thumbnail\" alt=\"\" decoding=\"async\" loading=\"lazy\" \/><\/a>\n\t\t\t<\/dt><\/dl><br style=\"clear: both\" \/><dl class='gallery-item'>\n\t\t\t<dt class='gallery-icon landscape'>\n\t\t\t\t<a href='https:\/\/zlaty-jelen.sk\/wp-content\/uploads\/2015\/01\/kosice-pension-zlaty-jelen-izba-61.jpg'><img width=\"150\" height=\"150\" src=\"https:\/\/zlaty-jelen.sk\/wp-content\/uploads\/2015\/01\/kosice-pension-zlaty-jelen-izba-61-150x150.jpg\" class=\"attachment-thumbnail size-thumbnail\" alt=\"\" decoding=\"async\" loading=\"lazy\" \/><\/a>\n\t\t\t<\/dt><\/dl><dl class='gallery-item'>\n\t\t\t<dt class='gallery-icon landscape'>\n\t\t\t\t<a href='https:\/\/zlaty-jelen.sk\/wp-content\/uploads\/2015\/01\/kosice-pension-zlaty-jelen-izba-62.jpg'><img width=\"150\" height=\"150\" src=\"https:\/\/zlaty-jelen.sk\/wp-content\/uploads\/2015\/01\/kosice-pension-zlaty-jelen-izba-62-150x150.jpg\" class=\"attachment-thumbnail size-thumbnail\" alt=\"\" decoding=\"async\" loading=\"lazy\" \/><\/a>\n\t\t\t<\/dt><\/dl><dl class='gallery-item'>\n\t\t\t<dt class='gallery-icon landscape'>\n\t\t\t\t<a href='https:\/\/zlaty-jelen.sk\/wp-content\/uploads\/2015\/01\/kosice-pension-zlaty-jelen-izba-71.jpg'><img width=\"150\" height=\"150\" src=\"https:\/\/zlaty-jelen.sk\/wp-content\/uploads\/2015\/01\/kosice-pension-zlaty-jelen-izba-71-150x150.jpg\" class=\"attachment-thumbnail size-thumbnail\" alt=\"\" decoding=\"async\" loading=\"lazy\" \/><\/a>\n\t\t\t<\/dt><\/dl><dl class='gallery-item'>\n\t\t\t<dt class='gallery-icon landscape'>\n\t\t\t\t<a href='https:\/\/zlaty-jelen.sk\/wp-content\/uploads\/2015\/01\/kosice-pension-zlaty-jelen-izba-72.jpg'><img width=\"150\" height=\"150\" src=\"https:\/\/zlaty-jelen.sk\/wp-content\/uploads\/2015\/01\/kosice-pension-zlaty-jelen-izba-72-150x150.jpg\" class=\"attachment-thumbnail size-thumbnail\" alt=\"\" decoding=\"async\" loading=\"lazy\" \/><\/a>\n\t\t\t<\/dt><\/dl><dl class='gallery-item'>\n\t\t\t<dt class='gallery-icon landscape'>\n\t\t\t\t<a href='https:\/\/zlaty-jelen.sk\/wp-content\/uploads\/2015\/01\/kosice-pension-zlaty-jelen-izba-73.jpg'><img width=\"150\" height=\"150\" src=\"https:\/\/zlaty-jelen.sk\/wp-content\/uploads\/2015\/01\/kosice-pension-zlaty-jelen-izba-73-150x150.jpg\" class=\"attachment-thumbnail size-thumbnail\" alt=\"\" decoding=\"async\" loading=\"lazy\" \/><\/a>\n\t\t\t<\/dt><\/dl><dl class='gallery-item'>\n\t\t\t<dt class='gallery-icon portrait'>\n\t\t\t\t<a href='https:\/\/zlaty-jelen.sk\/wp-content\/uploads\/2015\/01\/kosice-pension-zlaty-jelen-izba-25.jpg'><img width=\"150\" height=\"150\" src=\"https:\/\/zlaty-jelen.sk\/wp-content\/uploads\/2015\/01\/kosice-pension-zlaty-jelen-izba-25-150x150.jpg\" class=\"attachment-thumbnail size-thumbnail\" alt=\"\" decoding=\"async\" loading=\"lazy\" \/><\/a>\n\t\t\t<\/dt><\/dl><br style=\"clear: both\" \/>\n\t\t<\/div>\n\n\n\t\t<\/div> \n\t<\/div> \n\t\t<\/div> \n\t<\/div> \n\n\t<div class=\"vc_col-sm-4 wpb_column vc_column_container \">\n\t\t<div class=\"wpb_wrapper\">\n\t\t\t\n\t<div class=\"wpb_text_column wpb_content_element \">\n\t\t<div class=\"wpb_wrapper\">\n\t\t\t<h1 class=\"primary\" style=\"text-align: center;\">Egyedi kialak\u00edt\u00e1s<\/h1>\n<p class=\"secondary\" style=\"text-align: center;\">Szob\u00e1ink <strong>egyedi fest\u00e9ssel<\/strong> \u00e9s berendez\u00e9ssel rendelkeznek. Minden f\u00fcrd\u0151szoba m\u00e1s-m\u00e1s elrendez\u00e9s\u0171 \u00e9s sz\u00ednvil\u00e1g\u00fa \u00edgy teremtve meg az <strong><span style=\"color: #ff6600;\">eleg\u00e1ns \u00e9s otthoni hangulat<\/span><\/strong>ot.<\/p>\n\n\t\t<\/div> \n\t<\/div> \n\t\t<\/div> \n\t<\/div> \n<\/div>\n","protected":false},"excerpt":{"rendered":"K\u00e9pek a szob\u00e1inkr\u00f3lIg\u00e9nyes belt\u00e9r, k\u00e9nyelmes \u00e1gyak, friss leveg\u0151 K\u00e9nyelmes szob\u00e1k Minden szob\u00e1nk k\u00e9nyelmes \u00e1gyakkal \u00e9s saj\u00e1t, egyedi f\u00fcrd\u0151szob\u00e1val rendelkezik. Szoba inas, telev\u00edzi\u00f3, l\u00e9gkondicion\u00e1l\u00f3, sz\u00e9f teszik k\u00e9nyelmess\u00e9\u00a0pihen\u00e9s\u00e9t. Standard Szoba F\u00fcrd\u0151szoba Egyedi kialak\u00edt\u00e1s Szob\u00e1ink egyedi fest\u00e9ssel \u00e9s berendez\u00e9ssel rendelkeznek. Minden f\u00fcrd\u0151szoba m\u00e1s-m\u00e1s elrendez\u00e9s\u0171 \u00e9s sz\u00ednvil\u00e1g\u00fa \u00edgy teremtve meg az eleg\u00e1ns \u00e9s otthoni hangulatot.","protected":false},"author":1,"featured_media":0,"parent":0,"menu_order":0,"comment_status":"closed","ping_status":"closed","template":"","meta":[],"_links":{"self":[{"href":"https:\/\/zlaty-jelen.sk\/hu\/wp-json\/wp\/v2\/pages\/2082"}],"collection":[{"href":"https:\/\/zlaty-jelen.sk\/hu\/wp-json\/wp\/v2\/pages"}],"about":[{"href":"https:\/\/zlaty-jelen.sk\/hu\/wp-json\/wp\/v2\/types\/page"}],"author":[{"embeddable":true,"href":"https:\/\/zlaty-jelen.sk\/hu\/wp-json\/wp\/v2\/users\/1"}],"replies":[{"embeddable":true,"href":"https:\/\/zlaty-jelen.sk\/hu\/wp-json\/wp\/v2\/comments?post=2082"}],"version-history":[{"count":6,"href":"https:\/\/zlaty-jelen.sk\/hu\/wp-json\/wp\/v2\/pages\/2082\/revisions"}],"predecessor-version":[{"id":2450,"href":"https:\/\/zlaty-jelen.sk\/hu\/wp-json\/wp\/v2\/pages\/2082\/revisions\/2450"}],"wp:attachment":[{"href":"https:\/\/zlaty-jelen.sk\/hu\/wp-json\/wp\/v2\/media?parent=2082"}],"curies":[{"name":"wp","href":"https:\/\/api.w.org\/{rel}","templated":true}]}}