{"id":1637,"date":"2014-12-22T15:59:08","date_gmt":"2014-12-22T15:59:08","guid":{"rendered":"http:\/\/zlaty-jelen.sk\/sub\/prototype\/?page_id=1637"},"modified":"2015-04-20T18:02:02","modified_gmt":"2015-04-20T16:02:02","slug":"kapcsolat","status":"publish","type":"page","link":"https:\/\/zlaty-jelen.sk\/hu\/kapcsolat\/","title":{"rendered":"KAPCSOLAT"},"content":{"rendered":"<div  class=\"vc_row wpb_row vc_row-fluid\">\n\t<div class=\"vc_col-sm-12 wpb_column vc_column_container \">\n\t\t<div class=\"wpb_wrapper\">\n\t\t\t<div class=\"invicta_heading center big\"><div class=\"primary\">Kapcsolat<\/div><\/div>\n\t\t<\/div> \n\t<\/div> \n<\/div>\t<div  class=\"vc_row wpb_row vc_row-fluid\">\n\t<div class=\"vc_col-sm-9 wpb_column vc_column_container \">\n\t\t<div class=\"wpb_wrapper\">\n\t\t\t\t<div  class=\"vc_row wpb_row vc_inner vc_row-fluid\">\n\t<div class=\"vc_col-sm-4 wpb_column vc_column_container \">\n\t\t<div class=\"wpb_wrapper\">\n\t\t\t<div class=\"invicta_iconbox wpb_content_element clean\"><div class=\"icon\"><i class=\"icon-home\"><\/i><\/div><div class=\"title\">C\u00edm<\/div><div class=\"text\"> <\/div><\/div>\n\t<div class=\"wpb_text_column wpb_content_element \">\n\t\t<div class=\"wpb_wrapper\">\n\t\t\t<p>Ko\u0161ice &#8211; 04001,\u00a0Bankov 7<\/p>\n<p>Slovakia<\/p>\n<p><a href=\"http:\/\/zlaty-jelen.sk\/sub\/prototype\/wp-content\/uploads\/2014\/12\/kosice_zlaty_jelen_map.jpg\">T\u00e9rk\u00e9p<\/a><\/p>\n\n\t\t<\/div> \n\t<\/div> \n\t\t<\/div> \n\t<\/div> \n\n\t<div class=\"vc_col-sm-4 wpb_column vc_column_container \">\n\t\t<div class=\"wpb_wrapper\">\n\t\t\t<div class=\"invicta_iconbox wpb_content_element clean\"><div class=\"icon\"><i class=\"icon-phone\"><\/i><\/div><div class=\"title\">Telefon<\/div><div class=\"text\"><\/div><\/div>\n\t<div class=\"wpb_text_column wpb_content_element \">\n\t\t<div class=\"wpb_wrapper\">\n\t\t\t<p><strong>Tel<\/strong>: +421 918 510 686<\/p>\n<p><strong>Email<\/strong>:\u00a0info(@)zlaty-jelen(.)sk<\/p>\n\n\t\t<\/div> \n\t<\/div> \n\t\t<\/div> \n\t<\/div> \n\n\t<div class=\"vc_col-sm-4 wpb_column vc_column_container \">\n\t\t<div class=\"wpb_wrapper\">\n\t\t\t<div class=\"invicta_iconbox wpb_content_element clean\"><div class=\"icon\"><i class=\"icon-map-marker\"><\/i><\/div><div class=\"title\">Navig\u00e1ci\u00f3<\/div><div class=\"text\"><\/div><\/div>\n\t<div class=\"wpb_text_column wpb_content_element \">\n\t\t<div class=\"wpb_wrapper\">\n\t\t\t<p>N 48.74658 \/ N 48\u00b0 44&#8242; 47&#8243;<\/p>\n<p>E 21.20709 \/ E 21\u00b0 12&#8242; 26&#8243;<\/p>\n<ul>\n<li><a href=\"http:\/\/maps.apple.com\/?q=Kosice+04001+Bankov+7\">iPhone Navig\u00e1ci\u00f3<\/a><\/li>\n<li><a href=\"comgooglemaps:\/\/?saddr=&amp;daddr=Kosice+04001,+Bankov+7&amp;directionsmode=driving\">Google Maps Navig\u00e1ci\u00f3<\/a><\/li>\n<li><a href=\"http:\/\/waze.to\/?q=Kosice%2004001%20Bankov%207\">Waze Navig\u00e1ci\u00f3<\/a><\/li>\n<\/ul>\n\n\t\t<\/div> \n\t<\/div> \n\t\t<\/div> \n\t<\/div> \n<\/div>\n\t<div class=\"wpb_text_column wpb_content_element \">\n\t\t<div class=\"wpb_wrapper\">\n\t\t\t<h2>K\u00e9rd\u00e9se van? <span style=\"color: #ff9900;\">\u00cdrjon nek\u00fcnk!<\/span><\/h2>\n<p><span style=\"color: #808080;\"><strong>Amint lehet v\u00e1laszolunk, de 24 \u00f3r\u00e1n bel\u00fcl<\/strong><\/span> <span style=\"color: #999999;\">mindenk\u00e9ppen felvessz\u00fck \u00d6nnel a kapcsolatot.<\/span><\/p>\n\n\t\t<\/div> \n\t<\/div> \n<div class=\"wpcf7 no-js\" id=\"wpcf7-f1648-o1\" lang=\"hu-HU\" dir=\"ltr\">\n<div class=\"screen-reader-response\"><p role=\"status\" aria-live=\"polite\" aria-atomic=\"true\"><\/p> <ul><\/ul><\/div>\n<form action=\"\/hu\/wp-json\/wp\/v2\/pages\/1637#wpcf7-f1648-o1\" method=\"post\" class=\"wpcf7-form init\" aria-label=\"Kapcsolatfelv\u00e9teli \u0171rlap\" novalidate=\"novalidate\" data-status=\"init\">\n<div style=\"display: none;\">\n<input type=\"hidden\" name=\"_wpcf7\" value=\"1648\" \/>\n<input type=\"hidden\" name=\"_wpcf7_version\" value=\"5.7.3\" \/>\n<input type=\"hidden\" name=\"_wpcf7_locale\" value=\"hu_HU\" \/>\n<input type=\"hidden\" name=\"_wpcf7_unit_tag\" value=\"wpcf7-f1648-o1\" \/>\n<input type=\"hidden\" name=\"_wpcf7_container_post\" value=\"0\" \/>\n<input type=\"hidden\" name=\"_wpcf7_posted_data_hash\" value=\"\" \/>\n<input type=\"hidden\" name=\"_wpcf7_recaptcha_response\" value=\"\" \/>\n<\/div>\n<p>K\u00e9rj\u00fck <b>helyes Email c\u00edmet<\/b> adjon meg, ellenkez\u0151 esetben nem tudunk megkeres\u00e9s\u00e9re v\u00e1laszolni!\n<\/p>\n<div class=\"form_field_group group_2\">\n\t<div class=\"form_field name\">\n\t\t<p><label>N\u00e9v<cite class=\"accentcolor-text\">*<\/cite> (k\u00f6telez\u0151)<\/label><span class=\"wpcf7-form-control-wrap\" data-name=\"your-name\"><input size=\"40\" class=\"wpcf7-form-control wpcf7-text wpcf7-validates-as-required\" aria-required=\"true\" aria-invalid=\"false\" value=\"\" type=\"text\" name=\"your-name\" \/><\/span>\n\t\t<\/p>\n\t<\/div>\n\t<div class=\"form_field email\">\n\t\t<p><label>Email<cite class=\"accentcolor-text\">*<\/cite> (k\u00f6telez\u0151)<\/label><span class=\"wpcf7-form-control-wrap\" data-name=\"your-email\"><input size=\"40\" class=\"wpcf7-form-control wpcf7-text wpcf7-email wpcf7-validates-as-required wpcf7-validates-as-email\" aria-required=\"true\" aria-invalid=\"false\" value=\"\" type=\"email\" name=\"your-email\" \/><\/span>\n\t\t<\/p>\n\t<\/div>\n\t<div class=\"form_field phone\">\n\t\t<p><label>Telefon<\/label><span class=\"wpcf7-form-control-wrap\" data-name=\"your-phone\"><input size=\"40\" class=\"wpcf7-form-control wpcf7-text\" aria-invalid=\"false\" value=\"\" type=\"text\" name=\"your-phone\" \/><\/span>\n\t\t<\/p>\n\t<\/div>\n<\/div>\n<div class=\"form_field message\">\n\t<p><label>\u00dczenet<cite class=\"accentcolor-text\">*<\/cite> (k\u00f6telez\u0151) <\/label><span class=\"wpcf7-form-control-wrap\" data-name=\"your-message\"><textarea cols=\"40\" rows=\"10\" class=\"wpcf7-form-control wpcf7-textarea wpcf7-validates-as-required\" aria-required=\"true\" aria-invalid=\"false\" name=\"your-message\"><\/textarea><\/span>\n\t<\/p>\n<\/div>\n<div class=\"form_field_group group_3\">\n\t<p><label>Biztons\u00e1gi kifejez\u00e9s<cite class=\"accentcolor-text\">*<\/cite> (K\u00f6telez\u0151)<\/label>\n\t<\/p>\n\t<div class=\"form_field name\">\n\t\t<p><span class=\"wpcf7-form-control-wrap\" data-name=\"contact_c\"><input size=\"40\" maxlength=\"5\" class=\"wpcf7-form-control wpcf7-captchar\" autocomplete=\"off\" aria-invalid=\"false\" value=\"\" type=\"text\" name=\"contact_c\" \/><\/span>\n\t\t<\/p>\n\t<\/div>\n\t<div class=\"form_field name\">\n\t\t<p><em>A CAPTCHA haszn\u00e1lat\u00e1hoz telep\u00edteni kell ezt a b\u0151v\u00edtm\u00e9nyt: <a href=\"https:\/\/wordpress.org\/plugins\/really-simple-captcha\/\">Really Simple CAPTCHA<\/a>.<\/em>\n\t\t<\/p>\n\t<\/div>\n\t<div class=\"form_field name\">\n\t\t<p><span class=\"wpcf7-form-control-wrap\" data-name=\"register_for_newsletter\"><span class=\"wpcf7-form-control wpcf7-checkbox\"><span class=\"wpcf7-list-item first last\"><input type=\"checkbox\" name=\"register_for_newsletter[]\" value=\"Feliratkoz\u00e1s h\u00edrlev\u00e9lre\" checked=\"checked\" tabindex=\"\" \/><span class=\"wpcf7-list-item-label\">Feliratkoz\u00e1s h\u00edrlev\u00e9lre<\/span><\/span><\/span><\/span>\n\t\t<\/p>\n\t<\/div>\n<\/div>\n<div class=\"form_field send\">\n\t<p><input class=\"wpcf7-form-control has-spinner wpcf7-submit\" type=\"submit\" value=\"K\u00fcld\u00e9s\" \/>\n\t<\/p>\n<\/div><div class=\"wpcf7-response-output\" aria-hidden=\"true\"><\/div>\n<\/form>\n<\/div>\n<div class=\"invicta_heading left big\"><h3 class=\"primary\">T\u00e9rk\u00e9p, \u00datvonal terv<\/h3><div class=\"secondary\">5 perc a belv\u00e1rost\u00f3l<\/div><\/div>\n\t<div class=\"wpb_single_image wpb_content_element onsite-img wpb_animate_when_almost_visible wpb_top-to-bottom vc_align_left\">\n\t\t<div class=\"wpb_wrapper\">\n\t\t\t\n\t\t\t<a href=\"https:\/\/zlaty-jelen.sk\/wp-content\/uploads\/2014\/12\/2015-02-09-18-45-03-1024x888.jpg\" target=\"_self\"><div class=\"vc_single_image-wrapper vc_box_rounded  vc_box_border_grey\"><img width=\"150\" height=\"150\" src=\"https:\/\/zlaty-jelen.sk\/wp-content\/uploads\/2014\/12\/2015-02-09-18-45-03-150x150.jpg\" class=\"vc_single_image-img attachment-thumbnail\" alt=\"\" decoding=\"async\" loading=\"lazy\" \/><\/div><\/a>\n\t\t<\/div> \n\t<\/div> \n\t\t<\/div> \n\t<\/div> \n\n\t<div class=\"vc_col-sm-3 wpb_column vc_column_container \">\n\t\t<div class=\"wpb_wrapper\">\n\t\t\t<div class=\"invicta_heading left small\"><h3 class=\"primary\">Megk\u00f6zel\u00edt\u00e9s<\/h3><h3 class=\"secondary\">Kassa belv\u00e1ros\u00e1b\u00f3l<\/h3><\/div><div class=\"invicta_iconbox wpb_content_element clean\"><div class=\"icon\"><i class=\"icon-truck\"><\/i><\/div><div class=\"title\">Aut\u00f3val<\/div><div class=\"text\">A belv\u00e1rosb\u00f3l Komensk\u00e9ho utc\u00e1n kell \u00e9szak fel\u00e9 haladni a villamos sinek mellett a v\u00e9g\u00e1llom\u00e1sig, ahol a villamossineket keresztezve (\u00e9s picit balra tartva) az \u00fat a Cermelsk\u00e1 utc\u00e1ban folytat\u00f3dik amely 1-1 s\u00e1vra sz\u0171k\u00fcl. A v\u00e1rosb\u00f3l kihajtva a jobb oldalon az utols\u00f3 h\u00e1z ut\u00e1n van egy parkol\u00f3. Ezzel szemben kell balra felfel\u00e9 kanyarodni. A hegyi \u00faton felfel\u00e9 haladva lesz egy nagyobb parkol\u00f3 egy hotellel. Innen tovabb kell haladni kb. 500m-t \u00e9s egy hajt\u0171 kanyar ut\u00e1n keresni kell balra lefel\u00e9 vezet\u0151 utat a panzi\u00f3hoz. Egy s\u00e1rga f\u00e9nyvisszaver\u0151 t\u00e1bla jelzi az utat.<\/div><\/div><div class=\"invicta_iconbox wpb_content_element clean\"><div class=\"icon\"><i class=\"icon-group\"><\/i><\/div><div class=\"title\">Busszal<\/div><div class=\"text\">A 14-es v\u00e1rosi aut\u00f3busz folyamatosan, menetrendszerint j\u00e1r Bank\u00f3ra. J\u00f3 v\u00e1laszt\u00e1s azok sz\u00e1m\u00e1ra, akik a v\u00e1rosi kikapcsol\u00f3d\u00e1s sor\u00e1n egy j\u00f3 s\u00f6r, bor vagy kokt\u00e9l ut\u00e1n nem akarnak aut\u00f3ba \u00fclni. 15 percen bel\u00fcl t\u00f6megk\u00f6zleked\u00e9ssel a panzi\u00f3ban lehetnek.<\/div><\/div><div class=\"invicta_iconbox wpb_content_element clean\"><div class=\"icon\"><i class=\"icon-dashboard\"><\/i><\/div><div class=\"title\">Taxival<\/div><div class=\"text\">A belv\u00e1rosb\u00f3l nagyj\u00e1b\u00f3l 2-3 Eur\u00f3ba ker\u00fcl a taxi. T\u00f6bb t\u00e1rsas\u00e1g is m\u0171k\u00f6dik a v\u00e1rosban. Vannak egy picit dr\u00e1g\u00e1bb t\u00e1rsas\u00e1gok is, melyek a leg\u00fajabb luxus modellekkel sz\u00e1ll\u00edtj\u00e1k a vend\u00e9geket pl. BMW, Mercedes.<\/div><\/div>\n\t\t<\/div> \n\t<\/div> \n<\/div>\n","protected":false},"excerpt":{"rendered":"Kapcsolat C\u00edm Ko\u0161ice - 04001,\u00a0Bankov 7 Slovakia T\u00e9rk\u00e9p Telefon Tel: +421 918 510 686 Email:\u00a0info(@)zlaty-jelen(.)sk Navig\u00e1ci\u00f3 N 48.74658 \/ N 48\u00b0 44' 47\" E 21.20709 \/ E 21\u00b0 12' 26\" iPhone Navig\u00e1ci\u00f3 Google Maps Navig\u00e1ci\u00f3 Waze Navig\u00e1ci\u00f3 K\u00e9rd\u00e9se van? \u00cdrjon nek\u00fcnk! Amint lehet v\u00e1laszolunk, de 24 \u00f3r\u00e1n bel\u00fcl mindenk\u00e9ppen felvessz\u00fck \u00d6nnel a kapcsolatot. K\u00e9rj\u00fck helyes [...]","protected":false},"author":1,"featured_media":0,"parent":0,"menu_order":0,"comment_status":"closed","ping_status":"closed","template":"","meta":[],"_links":{"self":[{"href":"https:\/\/zlaty-jelen.sk\/hu\/wp-json\/wp\/v2\/pages\/1637"}],"collection":[{"href":"https:\/\/zlaty-jelen.sk\/hu\/wp-json\/wp\/v2\/pages"}],"about":[{"href":"https:\/\/zlaty-jelen.sk\/hu\/wp-json\/wp\/v2\/types\/page"}],"author":[{"embeddable":true,"href":"https:\/\/zlaty-jelen.sk\/hu\/wp-json\/wp\/v2\/users\/1"}],"replies":[{"embeddable":true,"href":"https:\/\/zlaty-jelen.sk\/hu\/wp-json\/wp\/v2\/comments?post=1637"}],"version-history":[{"count":61,"href":"https:\/\/zlaty-jelen.sk\/hu\/wp-json\/wp\/v2\/pages\/1637\/revisions"}],"predecessor-version":[{"id":2553,"href":"https:\/\/zlaty-jelen.sk\/hu\/wp-json\/wp\/v2\/pages\/1637\/revisions\/2553"}],"wp:attachment":[{"href":"https:\/\/zlaty-jelen.sk\/hu\/wp-json\/wp\/v2\/media?parent=1637"}],"curies":[{"name":"wp","href":"https:\/\/api.w.org\/{rel}","templated":true}]}}