{"id":1474,"date":"2014-12-16T19:14:39","date_gmt":"2014-12-16T19:14:39","guid":{"rendered":"http:\/\/zlaty-jelen.sk\/sub\/prototype\/?page_id=1474"},"modified":"2015-04-20T18:26:27","modified_gmt":"2015-04-20T16:26:27","slug":"kepek","status":"publish","type":"page","link":"https:\/\/zlaty-jelen.sk\/hu\/kepek\/","title":{"rendered":"K\u00e9pek"},"content":{"rendered":"<div  class=\"vc_row wpb_row vc_row-fluid\">\n\t<div class=\"vc_col-sm-12 wpb_column vc_column_container \">\n\t\t<div class=\"wpb_wrapper\">\n\t\t\t<div class=\"invicta_heading center big\"><div class=\"primary\">Fot\u00f3gal\u00e9ria<\/div><div class=\"secondary\">Tekintse meg k\u00e9peinket<\/div><\/div>\n\t\t<\/div> \n\t<\/div> \n<\/div>\t<div  class=\"vc_row wpb_row vc_row-fluid\">\n\t<div class=\"vc_col-sm-4 wpb_column vc_column_container \">\n\t\t<div class=\"wpb_wrapper\">\n\t\t\t\n\t<div class=\"wpb_single_image wpb_content_element vc_align_left\">\n\t\t<div class=\"wpb_wrapper\">\n\t\t\t<h2 class=\"wpb_heading wpb_singleimage_heading\">Panzi\u00f3 K\u00e9pek (36 k\u00e9p)<\/h2>\n\t\t\t<a href=\"http:\/\/zlaty-jelen.sk\/hu\/kassa-panzio-kepek\/\" target=\"_self\"><div class=\"vc_single_image-wrapper vc_box_rounded  vc_box_border_grey\"><img width=\"150\" height=\"150\" src=\"https:\/\/zlaty-jelen.sk\/wp-content\/uploads\/2015\/01\/kosice_ubytovanie_zlaty_jelen_1711-150x150.jpg\" class=\"vc_single_image-img attachment-thumbnail\" alt=\"\" decoding=\"async\" loading=\"lazy\" \/><\/div><\/a>\n\t\t<\/div> \n\t<\/div> \n\t\t<\/div> \n\t<\/div> \n\n\t<div class=\"vc_col-sm-4 wpb_column vc_column_container \">\n\t\t<div class=\"wpb_wrapper\">\n\t\t\t\n\t<div class=\"wpb_single_image wpb_content_element vc_align_left\">\n\t\t<div class=\"wpb_wrapper\">\n\t\t\t<h2 class=\"wpb_heading wpb_singleimage_heading\">Szob\u00e1ink (24 k\u00e9p)<\/h2>\n\t\t\t<a href=\"http:\/\/zlaty-jelen.sk\/hu\/kassa-szallas-kepek\/\" target=\"_self\"><div class=\"vc_single_image-wrapper vc_box_rounded  vc_box_border_grey\"><img width=\"150\" height=\"150\" src=\"https:\/\/zlaty-jelen.sk\/wp-content\/uploads\/2015\/01\/kosice-pension-zlaty-jelen-izba-13-150x150.jpg\" class=\"vc_single_image-img attachment-thumbnail\" alt=\"\" decoding=\"async\" loading=\"lazy\" \/><\/div><\/a>\n\t\t<\/div> \n\t<\/div> \n\t\t<\/div> \n\t<\/div> \n\n\t<div class=\"vc_col-sm-4 wpb_column vc_column_container \">\n\t\t<div class=\"wpb_wrapper\">\n\t\t\t\n\t<div class=\"wpb_single_image wpb_content_element vc_align_left\">\n\t\t<div class=\"wpb_wrapper\">\n\t\t\t<h2 class=\"wpb_heading wpb_singleimage_heading\">Eks\u00fcv\u0151 Gall\u00e9ria (72 k\u00e9p)<\/h2>\n\t\t\t<a href=\"http:\/\/zlaty-jelen.sk\/hu\/kassa-eskuvo-kepek\/\" target=\"_self\"><div class=\"vc_single_image-wrapper vc_box_rounded  vc_box_border_grey\"><img width=\"150\" height=\"150\" src=\"https:\/\/zlaty-jelen.sk\/wp-content\/uploads\/2015\/01\/Kosice_Svadba_Zlaty_Jelen_28-150x150.jpg\" class=\"vc_single_image-img attachment-thumbnail\" alt=\"Kosice Zlaty Jelen\" decoding=\"async\" loading=\"lazy\" \/><\/div><\/a>\n\t\t<\/div> \n\t<\/div> \n\t\t<\/div> \n\t<\/div> \n<\/div>\t<div  class=\"vc_row wpb_row vc_row-fluid\">\n\t<div class=\"vc_col-sm-4 wpb_column vc_column_container \">\n\t\t<div class=\"wpb_wrapper\">\n\t\t\t\n\t<div class=\"wpb_single_image wpb_content_element vc_align_left\">\n\t\t<div class=\"wpb_wrapper\">\n\t\t\t<h2 class=\"wpb_heading wpb_singleimage_heading\">Konferencia terem (12 k\u00e9p)<\/h2>\n\t\t\t<a href=\"http:\/\/zlaty-jelen.sk\/hu\/kassa-konferencia-terem-kepek\/\" target=\"_self\"><div class=\"vc_single_image-wrapper vc_box_rounded  vc_box_border_grey\"><img width=\"150\" height=\"150\" src=\"https:\/\/zlaty-jelen.sk\/wp-content\/uploads\/2015\/01\/kosice-penzion-konferencie-05-150x150.jpg\" class=\"vc_single_image-img attachment-thumbnail\" alt=\"\" decoding=\"async\" loading=\"lazy\" \/><\/div><\/a>\n\t\t<\/div> \n\t<\/div> \n\t\t<\/div> \n\t<\/div> \n\n\t<div class=\"vc_col-sm-4 wpb_column vc_column_container \">\n\t\t<div class=\"wpb_wrapper\">\n\t\t\t\n\t<div class=\"wpb_single_image wpb_content_element vc_align_left\">\n\t\t<div class=\"wpb_wrapper\">\n\t\t\t<h2 class=\"wpb_heading wpb_singleimage_heading\">Term\u00e9kbemutat\u00f3k (12 k\u00e9p)<\/h2>\n\t\t\t<a href=\"http:\/\/zlaty-jelen.sk\/hu\/kassa-ceges-rendezvenyek-kepek\/\" target=\"_self\"><div class=\"vc_single_image-wrapper vc_box_rounded  vc_box_border_grey\"><img width=\"150\" height=\"150\" src=\"https:\/\/zlaty-jelen.sk\/wp-content\/uploads\/2014\/12\/kosice-akcia-zlaty-jelen-penzion-010-150x150.jpg\" class=\"vc_single_image-img attachment-thumbnail\" alt=\"\" decoding=\"async\" loading=\"lazy\" \/><\/div><\/a>\n\t\t<\/div> \n\t<\/div> \n\t\t<\/div> \n\t<\/div> \n\n\t<div class=\"vc_col-sm-4 wpb_column vc_column_container \">\n\t\t<div class=\"wpb_wrapper\">\n\t\t\t\n\t\t<\/div> \n\t<\/div> \n<\/div>\n","protected":false},"excerpt":{"rendered":"Fot\u00f3gal\u00e9riaTekintse meg k\u00e9peinket Panzi\u00f3 K\u00e9pek (36 k\u00e9p) Szob\u00e1ink (24 k\u00e9p) Eks\u00fcv\u0151 Gall\u00e9ria (72 k\u00e9p) Konferencia terem (12 k\u00e9p) Term\u00e9kbemutat\u00f3k (12 k\u00e9p)","protected":false},"author":1,"featured_media":0,"parent":0,"menu_order":0,"comment_status":"closed","ping_status":"closed","template":"","meta":[],"_links":{"self":[{"href":"https:\/\/zlaty-jelen.sk\/hu\/wp-json\/wp\/v2\/pages\/1474"}],"collection":[{"href":"https:\/\/zlaty-jelen.sk\/hu\/wp-json\/wp\/v2\/pages"}],"about":[{"href":"https:\/\/zlaty-jelen.sk\/hu\/wp-json\/wp\/v2\/types\/page"}],"author":[{"embeddable":true,"href":"https:\/\/zlaty-jelen.sk\/hu\/wp-json\/wp\/v2\/users\/1"}],"replies":[{"embeddable":true,"href":"https:\/\/zlaty-jelen.sk\/hu\/wp-json\/wp\/v2\/comments?post=1474"}],"version-history":[{"count":17,"href":"https:\/\/zlaty-jelen.sk\/hu\/wp-json\/wp\/v2\/pages\/1474\/revisions"}],"predecessor-version":[{"id":2638,"href":"https:\/\/zlaty-jelen.sk\/hu\/wp-json\/wp\/v2\/pages\/1474\/revisions\/2638"}],"wp:attachment":[{"href":"https:\/\/zlaty-jelen.sk\/hu\/wp-json\/wp\/v2\/media?parent=1474"}],"curies":[{"name":"wp","href":"https:\/\/api.w.org\/{rel}","templated":true}]}}